{"id":16,"date":"2024-01-01T12:54:47","date_gmt":"2024-01-01T11:54:47","guid":{"rendered":"http:\/\/www.fabiansulu.com\/blog\/?post_type=product&#038;p=16"},"modified":"2026-05-01T10:57:47","modified_gmt":"2026-05-01T08:57:47","slug":"science-informatique-1ere-edition-lere-du-numerique","status":"publish","type":"product","link":"https:\/\/www.fabiansulu.com\/blog\/produit\/science-informatique-1ere-edition-lere-du-numerique\/","title":{"rendered":"Science Informatique 1\u00e8re Edition : L&rsquo;Ere du Num\u00e9rique"},"content":{"rendered":"<p>De nos jours, l\u2019Informatique joue un r\u00f4le tr\u00e8s important dans notre vie quotidienne quel que soit le domaine dans lequel on se<br \/>\nretrouve. Pour \u00eatre \u00e0 niveau et comp\u00e9titif, il est donc imp\u00e9rieux de connaitre et de maitriser correctement cet outil de travail et de<br \/>\ncommunication.<\/p>\n<p>Ce bouquin est la r\u00e9ponse \u00e0 cette pr\u00e9occupation, il vous guidera\u00a0 pas \u00e0 pas vers un apprentissage, une compr\u00e9hension et une maitrise int\u00e9ressante de l\u2019Informatique.<\/p>\n<p>Pourquoi apprendre l\u2019Informatique ?<\/p>\n<p>Aujourd&rsquo;hui l&rsquo;informatique est omnipr\u00e9sente. Il n&rsquo;existe pour ainsi ne dire plus aucune entreprise, plus aucun m\u00e9nage qui ne soit<br \/>\n\u00e9quip\u00e9 d&rsquo;un ordinateur ou d&rsquo;appareils dot\u00e9s de technologies num\u00e9riques. Tous les enfants, adolescents et adultes sont<br \/>\nconfront\u00e9s quasi quotidiennement aux technologies de l&rsquo;information, tout est tourn\u00e9 vers l\u2019Informatique.<br \/>\nAujourd\u2019hui ne pas connaitre le minimum en Informatique est un fait presqu\u2019inacceptable, car l\u2019Informatique peut \u00eatre consid\u00e9r\u00e9<br \/>\ncomme une langue qui permet \u00e0 tout le monde de communiquer sans aucune fronti\u00e8re et toute personne qui ne connait pas se<br \/>\nmet \u00e0 l\u2019\u00e9cart et ne peut pas participer \u00e0 la comp\u00e9tition ou \u00e0 son \u00e9volution. L\u2019Informatique est devenue aussi indispensable que<br \/>\nl\u2019\u00e9lectricit\u00e9. Ainsi on peut aussi se permettre de d\u00e9finir un analphab\u00e8te comme \u00e9tant quelqu\u2019un qui ne sait ni lire, ni \u00e9crire, ni utiliser un<br \/>\nordinateur.<\/p>\n","protected":false},"excerpt":{"rendered":"<p>Ce livre est subdivis\u00e9 en 7 parties. Chaque partie couvre un domaine particulier de la Science Informatique :<\/p>\n<ol>\n<li>La Science Informatique, son historique, ses domaines d\u2019activit\u00e9 ainsi que l\u2019essentiel du fonctionnement d\u2019un Ordinateu<\/li>\n<li>Les Syst\u00e8mes d\u2019Exploitation en g\u00e9n\u00e9ral et MS-DOS en particulier, elle d\u00e9finit aussi les plus connues des syst\u00e8mes de num\u00e9rations.<\/li>\n<li>La communication entre deux Ordinateurs distants ainsi que la logique utilis\u00e9e.<\/li>\n<li>\u00a0Les logiciels utilis\u00e9s en bureautique en g\u00e9n\u00e9ral et la suite MS Office en particulier.<\/li>\n<li>La programmation Informatique par la d\u00e9finition de l\u2019Algorithme, du langage de programmation et du programme Informatique.<\/li>\n<li>Les menaces les plus connues des syst\u00e8mes Informatiques tout en expliquant de fa\u00e7on simple comment se s\u00e9curiser.<\/li>\n<li>Les r\u00e9seaux sociaux ainsi que leurs dangers dans la vie r\u00e9elle.<\/li>\n<\/ol>\n<p>En bonus une liste de quelques astuces ainsi que des jargons Informatiques les plus utilis\u00e9es.<\/p>\n","protected":false},"featured_media":20,"comment_status":"open","ping_status":"closed","template":"","meta":[],"product_brand":[],"product_cat":[18],"product_tag":[],"class_list":{"0":"post-16","1":"product","2":"type-product","3":"status-publish","4":"has-post-thumbnail","6":"product_cat-ebook","8":"first","9":"instock","10":"sale","11":"downloadable","12":"virtual","13":"purchasable","14":"product-type-simple"},"_links":{"self":[{"href":"https:\/\/www.fabiansulu.com\/blog\/wp-json\/wp\/v2\/product\/16","targetHints":{"allow":["GET"]}}],"collection":[{"href":"https:\/\/www.fabiansulu.com\/blog\/wp-json\/wp\/v2\/product"}],"about":[{"href":"https:\/\/www.fabiansulu.com\/blog\/wp-json\/wp\/v2\/types\/product"}],"replies":[{"embeddable":true,"href":"https:\/\/www.fabiansulu.com\/blog\/wp-json\/wp\/v2\/comments?post=16"}],"wp:featuredmedia":[{"embeddable":true,"href":"https:\/\/www.fabiansulu.com\/blog\/wp-json\/wp\/v2\/media\/20"}],"wp:attachment":[{"href":"https:\/\/www.fabiansulu.com\/blog\/wp-json\/wp\/v2\/media?parent=16"}],"wp:term":[{"taxonomy":"product_brand","embeddable":true,"href":"https:\/\/www.fabiansulu.com\/blog\/wp-json\/wp\/v2\/product_brand?post=16"},{"taxonomy":"product_cat","embeddable":true,"href":"https:\/\/www.fabiansulu.com\/blog\/wp-json\/wp\/v2\/product_cat?post=16"},{"taxonomy":"product_tag","embeddable":true,"href":"https:\/\/www.fabiansulu.com\/blog\/wp-json\/wp\/v2\/product_tag?post=16"}],"curies":[{"name":"wp","href":"https:\/\/api.w.org\/{rel}","templated":true}]}}